{"id":1968,"date":"2025-11-27T16:09:04","date_gmt":"2025-11-27T16:09:04","guid":{"rendered":"https:\/\/neuruswines.com\/?page_id=1968"},"modified":"2026-03-19T12:35:42","modified_gmt":"2026-03-19T12:35:42","slug":"wines","status":"publish","type":"page","link":"https:\/\/neuruswines.com\/en\/wines\/","title":{"rendered":"Wines"},"content":{"rendered":"<div data-elementor-type=\"wp-page\" data-elementor-id=\"1968\" class=\"elementor elementor-1968\">\n\t\t\t\t<div class=\"elementor-element elementor-element-0093fae e-con-full e-flex e-con e-parent\" data-id=\"0093fae\" data-element_type=\"container\" data-settings=\"{&quot;background_background&quot;:&quot;video&quot;,&quot;background_video_link&quot;:&quot;https:\\\/\\\/neuruswines.com\\\/wp-content\\\/uploads\\\/2025\\\/11\\\/5044680_Wine_Glass_1920x1080-1.mp4&quot;}\">\n\t\t<div class=\"elementor-background-video-container elementor-hidden-mobile\" aria-hidden=\"true\">\n\t\t\t\t\t\t\t<video class=\"elementor-background-video-hosted\" autoplay muted playsinline loop><\/video>\n\t\t\t\t\t<\/div><div class=\"elementor-element elementor-element-1cdde91 animated-slow e-flex e-con-boxed e-con e-child\" data-id=\"1cdde91\" data-element_type=\"container\" data-settings=\"{&quot;animation&quot;:&quot;none&quot;}\">\n\t\t\t\t\t<div class=\"e-con-inner\">\n\t\t\t\t<div class=\"elementor-element elementor-element-ef74d7f elementor-invisible elementor-widget elementor-widget-heading\" data-id=\"ef74d7f\" data-element_type=\"widget\" data-settings=\"{&quot;_animation&quot;:&quot;fadeInUp&quot;}\" data-widget_type=\"heading.default\">\n\t\t\t\t\t<h2 class=\"elementor-heading-title elementor-size-default\">Hay un instante donde la mente se detiene<br> y el instinto toma el mando. \n<span style=\"font-weight: 600\">Ah\u00ed nace Neurus.<\/span>\n<\/h2>\t\t\t\t<\/div>\n\t\t\t\t<div class=\"elementor-element elementor-element-7967c1c elementor-widget-divider--view-line elementor-widget elementor-widget-divider\" data-id=\"7967c1c\" data-element_type=\"widget\" data-widget_type=\"divider.default\">\n\t\t\t\t\t\t\t<div class=\"elementor-divider\">\n\t\t\t<span class=\"elementor-divider-separator\">\n\t\t\t\t\t\t<\/span>\n\t\t<\/div>\n\t\t\t\t\t\t<\/div>\n\t\t\t\t\t<\/div>\n\t\t\t\t<\/div>\n\t\t\t\t<\/div>\n\t\t<div class=\"elementor-element elementor-element-2ed9f086 e-flex e-con-boxed e-con e-parent\" data-id=\"2ed9f086\" data-element_type=\"container\" id=\"experiencia\" data-settings=\"{&quot;background_background&quot;:&quot;gradient&quot;}\">\n\t\t\t\t\t<div class=\"e-con-inner\">\n\t\t<div class=\"elementor-element elementor-element-18413d17 e-con-full e-flex elementor-invisible e-con e-child\" data-id=\"18413d17\" data-element_type=\"container\" data-settings=\"{&quot;animation&quot;:&quot;fadeInUp&quot;}\">\n\t\t\t\t<div class=\"elementor-element elementor-element-5ca1e3fe elementor-widget elementor-widget-heading\" data-id=\"5ca1e3fe\" data-element_type=\"widget\" data-widget_type=\"heading.default\">\n\t\t\t\t\t<h2 class=\"elementor-heading-title elementor-size-default\">Descubr\u00ed nuestros varietales<\/h2>\t\t\t\t<\/div>\n\t\t\t\t<div class=\"elementor-element elementor-element-2e25658f elementor-widget elementor-widget-text-editor\" data-id=\"2e25658f\" data-element_type=\"widget\" data-widget_type=\"text-editor.default\">\n\t\t\t\t\t\t\t\t\t<p>Explor\u00e1 una selecci\u00f3n de vinos que expresan la esencia del Valle de Uco, cada uno con personalidad propia y car\u00e1cter inconfundible.<\/p>\t\t\t\t\t\t\t\t<\/div>\n\t\t\t\t<\/div>\n\t\t\t\t\t<\/div>\n\t\t\t\t<\/div>\n\t\t<div class=\"elementor-element elementor-element-5776954e e-flex e-con-boxed e-con e-parent\" data-id=\"5776954e\" data-element_type=\"container\" data-settings=\"{&quot;background_background&quot;:&quot;classic&quot;}\">\n\t\t\t\t\t<div class=\"e-con-inner\">\n\t\t<div class=\"elementor-element elementor-element-7cce56c7 e-con-full e-flex elementor-invisible e-con e-child\" data-id=\"7cce56c7\" data-element_type=\"container\" data-settings=\"{&quot;background_background&quot;:&quot;classic&quot;,&quot;animation&quot;:&quot;fadeInLeft&quot;}\">\n\t\t\t\t<\/div>\n\t\t<div class=\"elementor-element elementor-element-7ee3c2c1 e-con-full e-flex e-con e-child\" data-id=\"7ee3c2c1\" data-element_type=\"container\">\n\t\t<div class=\"elementor-element elementor-element-37c4d667 e-con-full e-flex e-con e-child\" data-id=\"37c4d667\" data-element_type=\"container\">\n\t\t\t\t<div class=\"elementor-element elementor-element-41b3a4c5 elementor-widget elementor-widget-heading\" data-id=\"41b3a4c5\" data-element_type=\"widget\" data-widget_type=\"heading.default\">\n\t\t\t\t\t<h2 class=\"elementor-heading-title elementor-size-default\">Variedades<\/h2>\t\t\t\t<\/div>\n\t\t\t\t<div class=\"elementor-element elementor-element-1664aab6 elementor-widget elementor-widget-heading\" data-id=\"1664aab6\" data-element_type=\"widget\" data-widget_type=\"heading.default\">\n\t\t\t\t\t<h2 class=\"elementor-heading-title elementor-size-default\">Malbec '22<\/h2>\t\t\t\t<\/div>\n\t\t\t\t<div class=\"elementor-element elementor-element-5873dea2 elementor-widget elementor-widget-text-editor\" data-id=\"5873dea2\" data-element_type=\"widget\" data-widget_type=\"text-editor.default\">\n\t\t\t\t\t\t\t\t\t<p>Vino de gran car\u00e1cter, rojo profundo y aromas a frutas rojas y hierbas. En boca, fresco, con buena estructura y un final intenso y especiado.<\/p>\t\t\t\t\t\t\t\t<\/div>\n\t\t\t\t<div class=\"elementor-element elementor-element-353cc01d elementor-widget elementor-widget-button\" data-id=\"353cc01d\" data-element_type=\"widget\" data-widget_type=\"button.default\">\n\t\t\t\t\t\t\t\t\t\t<a class=\"elementor-button elementor-button-link elementor-size-sm\" href=\"https:\/\/neuruswines.com\/en\/contacto\/\">\n\t\t\t\t\t\t<span class=\"elementor-button-content-wrapper\">\n\t\t\t\t\t\t\t\t\t<span class=\"elementor-button-text\">Contactanos<\/span>\n\t\t\t\t\t<\/span>\n\t\t\t\t\t<\/a>\n\t\t\t\t\t\t\t\t<\/div>\n\t\t\t\t<\/div>\n\t\t<div class=\"elementor-element elementor-element-462fdaf8 e-con-full e-flex elementor-invisible e-con e-child\" data-id=\"462fdaf8\" data-element_type=\"container\" data-settings=\"{&quot;animation&quot;:&quot;fadeInUp&quot;}\">\n\t\t<div class=\"elementor-element elementor-element-5779d2ca e-con-full e-flex e-con e-child\" data-id=\"5779d2ca\" data-element_type=\"container\">\n\t\t\t\t<div class=\"elementor-element elementor-element-76efbd91 elementor-widget elementor-widget-heading\" data-id=\"76efbd91\" data-element_type=\"widget\" data-widget_type=\"heading.default\">\n\t\t\t\t\t<h2 class=\"elementor-heading-title elementor-size-default\">13,8%<\/h2>\t\t\t\t<\/div>\n\t\t\t\t<div class=\"elementor-element elementor-element-3e74ba9e elementor-widget elementor-widget-text-editor\" data-id=\"3e74ba9e\" data-element_type=\"widget\" data-widget_type=\"text-editor.default\">\n\t\t\t\t\t\t\t\t\t<p>Alcohol<\/p>\t\t\t\t\t\t\t\t<\/div>\n\t\t\t\t<\/div>\n\t\t<div class=\"elementor-element elementor-element-7a77b106 e-con-full e-flex e-con e-child\" data-id=\"7a77b106\" data-element_type=\"container\">\n\t\t\t\t<div class=\"elementor-element elementor-element-4df2c506 elementor-widget elementor-widget-heading\" data-id=\"4df2c506\" data-element_type=\"widget\" data-widget_type=\"heading.default\">\n\t\t\t\t\t<h2 class=\"elementor-heading-title elementor-size-default\">5.63g<\/h2>\t\t\t\t<\/div>\n\t\t\t\t<div class=\"elementor-element elementor-element-6846a94f elementor-widget elementor-widget-text-editor\" data-id=\"6846a94f\" data-element_type=\"widget\" data-widget_type=\"text-editor.default\">\n\t\t\t\t\t\t\t\t\t<p>Acidez<\/p>\t\t\t\t\t\t\t\t<\/div>\n\t\t\t\t<\/div>\n\t\t<div class=\"elementor-element elementor-element-38ef68e1 e-con-full e-flex e-con e-child\" data-id=\"38ef68e1\" data-element_type=\"container\">\n\t\t\t\t<div class=\"elementor-element elementor-element-3a0c0345 elementor-widget elementor-widget-heading\" data-id=\"3a0c0345\" data-element_type=\"widget\" data-widget_type=\"heading.default\">\n\t\t\t\t\t<h2 class=\"elementor-heading-title elementor-size-default\">2022<\/h2>\t\t\t\t<\/div>\n\t\t\t\t<div class=\"elementor-element elementor-element-76460de9 elementor-widget elementor-widget-text-editor\" data-id=\"76460de9\" data-element_type=\"widget\" data-widget_type=\"text-editor.default\">\n\t\t\t\t\t\t\t\t\t<p>Cosecha manual<\/p>\t\t\t\t\t\t\t\t<\/div>\n\t\t\t\t<\/div>\n\t\t\t\t<\/div>\n\t\t\t\t<\/div>\n\t\t\t\t\t<\/div>\n\t\t\t\t<\/div>\n\t\t<div class=\"elementor-element elementor-element-d765523 e-flex e-con-boxed e-con e-parent\" data-id=\"d765523\" data-element_type=\"container\" data-settings=\"{&quot;background_background&quot;:&quot;classic&quot;}\">\n\t\t\t\t\t<div class=\"e-con-inner\">\n\t\t\t\t<div class=\"elementor-element elementor-element-3e5b450 elementor-align-center elementor-widget elementor-widget-button\" data-id=\"3e5b450\" data-element_type=\"widget\" data-widget_type=\"button.default\">\n\t\t\t\t\t\t\t\t\t\t<a class=\"elementor-button elementor-button-link elementor-size-sm\" href=\"https:\/\/neuruswines.com\/wp-content\/uploads\/2026\/03\/Malbec-22-Ficha.pdf\" target=\"_blank\">\n\t\t\t\t\t\t<span class=\"elementor-button-content-wrapper\">\n\t\t\t\t\t\t\t\t\t<span class=\"elementor-button-text\">Descubr\u00ed todas las caracter\u00edsticas<\/span>\n\t\t\t\t\t<\/span>\n\t\t\t\t\t<\/a>\n\t\t\t\t\t\t\t\t<\/div>\n\t\t\t\t\t<\/div>\n\t\t\t\t<\/div>\n\t\t<div class=\"elementor-element elementor-element-9b0a275 e-flex e-con-boxed e-con e-parent\" data-id=\"9b0a275\" data-element_type=\"container\" data-settings=\"{&quot;background_background&quot;:&quot;classic&quot;}\">\n\t\t\t\t\t<div class=\"e-con-inner\">\n\t\t<div class=\"elementor-element elementor-element-54f6b816 e-con-full e-flex elementor-invisible e-con e-child\" data-id=\"54f6b816\" data-element_type=\"container\" data-settings=\"{&quot;background_background&quot;:&quot;classic&quot;,&quot;animation&quot;:&quot;fadeInLeft&quot;}\">\n\t\t\t\t<\/div>\n\t\t<div class=\"elementor-element elementor-element-2c27dc06 e-con-full e-flex e-con e-child\" data-id=\"2c27dc06\" data-element_type=\"container\">\n\t\t<div class=\"elementor-element elementor-element-41edd2e9 e-con-full e-flex e-con e-child\" data-id=\"41edd2e9\" data-element_type=\"container\">\n\t\t\t\t<div class=\"elementor-element elementor-element-e436ca0 elementor-widget elementor-widget-heading\" data-id=\"e436ca0\" data-element_type=\"widget\" data-widget_type=\"heading.default\">\n\t\t\t\t\t<h2 class=\"elementor-heading-title elementor-size-default\">Variedades<\/h2>\t\t\t\t<\/div>\n\t\t\t\t<div class=\"elementor-element elementor-element-1cacda3a elementor-widget elementor-widget-heading\" data-id=\"1cacda3a\" data-element_type=\"widget\" data-widget_type=\"heading.default\">\n\t\t\t\t\t<h2 class=\"elementor-heading-title elementor-size-default\">Malbec '23<\/h2>\t\t\t\t<\/div>\n\t\t\t\t<div class=\"elementor-element elementor-element-119b9db1 elementor-widget elementor-widget-text-editor\" data-id=\"119b9db1\" data-element_type=\"widget\" data-widget_type=\"text-editor.default\">\n\t\t\t\t\t\t\t\t\t<p>Vino de gran car\u00e1cter, rojo profundo y aromas a frutas rojas y hierbas. En boca, fresco, con buena estructura y un final intenso y especiado.<\/p>\t\t\t\t\t\t\t\t<\/div>\n\t\t\t\t<div class=\"elementor-element elementor-element-6795c3c0 elementor-widget elementor-widget-button\" data-id=\"6795c3c0\" data-element_type=\"widget\" data-widget_type=\"button.default\">\n\t\t\t\t\t\t\t\t\t\t<a class=\"elementor-button elementor-button-link elementor-size-sm\" href=\"https:\/\/neuruswines.com\/en\/contacto\/\">\n\t\t\t\t\t\t<span class=\"elementor-button-content-wrapper\">\n\t\t\t\t\t\t\t\t\t<span class=\"elementor-button-text\">Contactanos<\/span>\n\t\t\t\t\t<\/span>\n\t\t\t\t\t<\/a>\n\t\t\t\t\t\t\t\t<\/div>\n\t\t\t\t<\/div>\n\t\t<div class=\"elementor-element elementor-element-25cf5f73 e-con-full e-flex elementor-invisible e-con e-child\" data-id=\"25cf5f73\" data-element_type=\"container\" data-settings=\"{&quot;animation&quot;:&quot;fadeInUp&quot;}\">\n\t\t<div class=\"elementor-element elementor-element-5bdaa11f e-con-full e-flex e-con e-child\" data-id=\"5bdaa11f\" data-element_type=\"container\">\n\t\t\t\t<div class=\"elementor-element elementor-element-743c3a12 elementor-widget elementor-widget-heading\" data-id=\"743c3a12\" data-element_type=\"widget\" data-widget_type=\"heading.default\">\n\t\t\t\t\t<h2 class=\"elementor-heading-title elementor-size-default\">14%<\/h2>\t\t\t\t<\/div>\n\t\t\t\t<div class=\"elementor-element elementor-element-4eaf2186 elementor-widget elementor-widget-text-editor\" data-id=\"4eaf2186\" data-element_type=\"widget\" data-widget_type=\"text-editor.default\">\n\t\t\t\t\t\t\t\t\t<p>Alcohol<\/p>\t\t\t\t\t\t\t\t<\/div>\n\t\t\t\t<\/div>\n\t\t<div class=\"elementor-element elementor-element-33f2325b e-con-full e-flex e-con e-child\" data-id=\"33f2325b\" data-element_type=\"container\">\n\t\t\t\t<div class=\"elementor-element elementor-element-45477bfe elementor-widget elementor-widget-heading\" data-id=\"45477bfe\" data-element_type=\"widget\" data-widget_type=\"heading.default\">\n\t\t\t\t\t<h2 class=\"elementor-heading-title elementor-size-default\">5.7g<\/h2>\t\t\t\t<\/div>\n\t\t\t\t<div class=\"elementor-element elementor-element-51acb52 elementor-widget elementor-widget-text-editor\" data-id=\"51acb52\" data-element_type=\"widget\" data-widget_type=\"text-editor.default\">\n\t\t\t\t\t\t\t\t\t<p>Acidez<\/p>\t\t\t\t\t\t\t\t<\/div>\n\t\t\t\t<\/div>\n\t\t<div class=\"elementor-element elementor-element-19ba5219 e-con-full e-flex e-con e-child\" data-id=\"19ba5219\" data-element_type=\"container\">\n\t\t\t\t<div class=\"elementor-element elementor-element-14b6c089 elementor-widget elementor-widget-heading\" data-id=\"14b6c089\" data-element_type=\"widget\" data-widget_type=\"heading.default\">\n\t\t\t\t\t<h2 class=\"elementor-heading-title elementor-size-default\">2023<\/h2>\t\t\t\t<\/div>\n\t\t\t\t<div class=\"elementor-element elementor-element-711751a9 elementor-widget elementor-widget-text-editor\" data-id=\"711751a9\" data-element_type=\"widget\" data-widget_type=\"text-editor.default\">\n\t\t\t\t\t\t\t\t\t<p>Cosecha manual<\/p>\t\t\t\t\t\t\t\t<\/div>\n\t\t\t\t<\/div>\n\t\t\t\t<\/div>\n\t\t\t\t<\/div>\n\t\t\t\t\t<\/div>\n\t\t\t\t<\/div>\n\t\t<div class=\"elementor-element elementor-element-4501479 e-flex e-con-boxed e-con e-parent\" data-id=\"4501479\" data-element_type=\"container\" data-settings=\"{&quot;background_background&quot;:&quot;classic&quot;}\">\n\t\t\t\t\t<div class=\"e-con-inner\">\n\t\t\t\t<div class=\"elementor-element elementor-element-80dcea4 elementor-align-center elementor-widget elementor-widget-button\" data-id=\"80dcea4\" data-element_type=\"widget\" data-widget_type=\"button.default\">\n\t\t\t\t\t\t\t\t\t\t<a class=\"elementor-button elementor-button-link elementor-size-sm\" href=\"https:\/\/neuruswines.com\/wp-content\/uploads\/2026\/03\/Malbec-23-Ficha.pdf\" target=\"_blank\">\n\t\t\t\t\t\t<span class=\"elementor-button-content-wrapper\">\n\t\t\t\t\t\t\t\t\t<span class=\"elementor-button-text\">Descubr\u00ed todas las caracter\u00edsticas<\/span>\n\t\t\t\t\t<\/span>\n\t\t\t\t\t<\/a>\n\t\t\t\t\t\t\t\t<\/div>\n\t\t\t\t\t<\/div>\n\t\t\t\t<\/div>\n\t\t<div class=\"elementor-element elementor-element-1c071e30 e-flex e-con-boxed e-con e-parent\" data-id=\"1c071e30\" data-element_type=\"container\" data-settings=\"{&quot;background_background&quot;:&quot;classic&quot;}\">\n\t\t\t\t\t<div class=\"e-con-inner\">\n\t\t<div class=\"elementor-element elementor-element-6a264468 e-con-full e-flex elementor-invisible e-con e-child\" data-id=\"6a264468\" data-element_type=\"container\" data-settings=\"{&quot;background_background&quot;:&quot;classic&quot;,&quot;animation&quot;:&quot;fadeInLeft&quot;}\">\n\t\t\t\t<\/div>\n\t\t<div class=\"elementor-element elementor-element-350ad966 e-con-full e-flex e-con e-child\" data-id=\"350ad966\" data-element_type=\"container\">\n\t\t<div class=\"elementor-element elementor-element-1a336755 e-con-full e-flex e-con e-child\" data-id=\"1a336755\" data-element_type=\"container\">\n\t\t\t\t<div class=\"elementor-element elementor-element-764bf4aa elementor-widget elementor-widget-heading\" data-id=\"764bf4aa\" data-element_type=\"widget\" data-widget_type=\"heading.default\">\n\t\t\t\t\t<h2 class=\"elementor-heading-title elementor-size-default\">Variedades<\/h2>\t\t\t\t<\/div>\n\t\t\t\t<div class=\"elementor-element elementor-element-1a722f90 elementor-widget elementor-widget-heading\" data-id=\"1a722f90\" data-element_type=\"widget\" data-widget_type=\"heading.default\">\n\t\t\t\t\t<h2 class=\"elementor-heading-title elementor-size-default\">Pinot Noir '24<\/h2>\t\t\t\t<\/div>\n\t\t\t\t<div class=\"elementor-element elementor-element-237373dc elementor-widget elementor-widget-text-editor\" data-id=\"237373dc\" data-element_type=\"widget\" data-widget_type=\"text-editor.default\">\n\t\t\t\t\t\t\t\t\t<p>Vino de gran car\u00e1cter, rojo profundo y aromas a frutas rojas y hierbas. En boca, fresco, con buena estructura y un final intenso y especiado.<\/p>\t\t\t\t\t\t\t\t<\/div>\n\t\t\t\t<div class=\"elementor-element elementor-element-7f776f86 elementor-widget elementor-widget-button\" data-id=\"7f776f86\" data-element_type=\"widget\" data-widget_type=\"button.default\">\n\t\t\t\t\t\t\t\t\t\t<a class=\"elementor-button elementor-button-link elementor-size-sm\" href=\"https:\/\/neuruswines.com\/en\/contacto\/\">\n\t\t\t\t\t\t<span class=\"elementor-button-content-wrapper\">\n\t\t\t\t\t\t\t\t\t<span class=\"elementor-button-text\">Contactanos<\/span>\n\t\t\t\t\t<\/span>\n\t\t\t\t\t<\/a>\n\t\t\t\t\t\t\t\t<\/div>\n\t\t\t\t<\/div>\n\t\t<div class=\"elementor-element elementor-element-52c75758 e-con-full e-flex elementor-invisible e-con e-child\" data-id=\"52c75758\" data-element_type=\"container\" data-settings=\"{&quot;animation&quot;:&quot;fadeInUp&quot;}\">\n\t\t<div class=\"elementor-element elementor-element-125ae0b0 e-con-full e-flex e-con e-child\" data-id=\"125ae0b0\" data-element_type=\"container\">\n\t\t\t\t<div class=\"elementor-element elementor-element-59a24d02 elementor-widget elementor-widget-heading\" data-id=\"59a24d02\" data-element_type=\"widget\" data-widget_type=\"heading.default\">\n\t\t\t\t\t<h2 class=\"elementor-heading-title elementor-size-default\">13,8%<\/h2>\t\t\t\t<\/div>\n\t\t\t\t<div class=\"elementor-element elementor-element-52d00af1 elementor-widget elementor-widget-text-editor\" data-id=\"52d00af1\" data-element_type=\"widget\" data-widget_type=\"text-editor.default\">\n\t\t\t\t\t\t\t\t\t<p>Alcohol<\/p>\t\t\t\t\t\t\t\t<\/div>\n\t\t\t\t<\/div>\n\t\t<div class=\"elementor-element elementor-element-1a89769d e-con-full e-flex e-con e-child\" data-id=\"1a89769d\" data-element_type=\"container\">\n\t\t\t\t<div class=\"elementor-element elementor-element-66eb2098 elementor-widget elementor-widget-heading\" data-id=\"66eb2098\" data-element_type=\"widget\" data-widget_type=\"heading.default\">\n\t\t\t\t\t<h2 class=\"elementor-heading-title elementor-size-default\">5.63g<\/h2>\t\t\t\t<\/div>\n\t\t\t\t<div class=\"elementor-element elementor-element-5d06b734 elementor-widget elementor-widget-text-editor\" data-id=\"5d06b734\" data-element_type=\"widget\" data-widget_type=\"text-editor.default\">\n\t\t\t\t\t\t\t\t\t<p>Acidez<\/p>\t\t\t\t\t\t\t\t<\/div>\n\t\t\t\t<\/div>\n\t\t<div class=\"elementor-element elementor-element-57e41609 e-con-full e-flex e-con e-child\" data-id=\"57e41609\" data-element_type=\"container\">\n\t\t\t\t<div class=\"elementor-element elementor-element-747f6ede elementor-widget elementor-widget-heading\" data-id=\"747f6ede\" data-element_type=\"widget\" data-widget_type=\"heading.default\">\n\t\t\t\t\t<h2 class=\"elementor-heading-title elementor-size-default\">2022<\/h2>\t\t\t\t<\/div>\n\t\t\t\t<div class=\"elementor-element elementor-element-3a3ce2db elementor-widget elementor-widget-text-editor\" data-id=\"3a3ce2db\" data-element_type=\"widget\" data-widget_type=\"text-editor.default\">\n\t\t\t\t\t\t\t\t\t<p>Cosecha manual<\/p>\t\t\t\t\t\t\t\t<\/div>\n\t\t\t\t<\/div>\n\t\t\t\t<\/div>\n\t\t\t\t<\/div>\n\t\t\t\t\t<\/div>\n\t\t\t\t<\/div>\n\t\t<div class=\"elementor-element elementor-element-920d790 e-flex e-con-boxed e-con e-parent\" data-id=\"920d790\" data-element_type=\"container\" data-settings=\"{&quot;background_background&quot;:&quot;classic&quot;}\">\n\t\t\t\t\t<div class=\"e-con-inner\">\n\t\t\t\t<div class=\"elementor-element elementor-element-22b905c elementor-align-center elementor-widget elementor-widget-button\" data-id=\"22b905c\" data-element_type=\"widget\" data-widget_type=\"button.default\">\n\t\t\t\t\t\t\t\t\t\t<a class=\"elementor-button elementor-button-link elementor-size-sm\" href=\"https:\/\/neuruswines.com\/wp-content\/uploads\/2026\/03\/Pinot-Noir-24-Ficha.pdf\" target=\"_blank\">\n\t\t\t\t\t\t<span class=\"elementor-button-content-wrapper\">\n\t\t\t\t\t\t\t\t\t<span class=\"elementor-button-text\">Descubr\u00ed todas las caracter\u00edsticas<\/span>\n\t\t\t\t\t<\/span>\n\t\t\t\t\t<\/a>\n\t\t\t\t\t\t\t\t<\/div>\n\t\t\t\t\t<\/div>\n\t\t\t\t<\/div>\n\t\t\t\t<\/div>","protected":false},"excerpt":{"rendered":"<p>Hay un instante donde la mente se detiene y el instinto toma el mando. Ah\u00ed nace Neurus. Descubr\u00ed nuestros varietales Explor\u00e1 una selecci\u00f3n de vinos que expresan la esencia del Valle de Uco, cada uno con personalidad propia y car\u00e1cter inconfundible. Variedades Malbec &#8217;22 Vino de gran car\u00e1cter, rojo profundo y aromas a frutas rojas [&hellip;]<\/p>","protected":false},"author":2,"featured_media":0,"parent":0,"menu_order":0,"comment_status":"closed","ping_status":"closed","template":"","meta":{"_uag_custom_page_level_css":"","footnotes":""},"class_list":["post-1968","page","type-page","status-publish","hentry"],"uagb_featured_image_src":{"full":false,"thumbnail":false,"medium":false,"medium_large":false,"large":false,"1536x1536":false,"2048x2048":false,"trp-custom-language-flag":false},"uagb_author_info":{"display_name":"a0040270","author_link":"https:\/\/neuruswines.com\/en\/author\/a0040270\/"},"uagb_comment_info":0,"uagb_excerpt":"Hay un instante donde la mente se detiene y el instinto toma el mando. Ah\u00ed nace Neurus. Descubr\u00ed nuestros varietales Explor\u00e1 una selecci\u00f3n de vinos que expresan la esencia del Valle de Uco, cada uno con personalidad propia y car\u00e1cter inconfundible. Variedades Malbec &#8217;22 Vino de gran car\u00e1cter, rojo profundo y aromas a frutas rojas&hellip;","_links":{"self":[{"href":"https:\/\/neuruswines.com\/en\/wp-json\/wp\/v2\/pages\/1968","targetHints":{"allow":["GET"]}}],"collection":[{"href":"https:\/\/neuruswines.com\/en\/wp-json\/wp\/v2\/pages"}],"about":[{"href":"https:\/\/neuruswines.com\/en\/wp-json\/wp\/v2\/types\/page"}],"author":[{"embeddable":true,"href":"https:\/\/neuruswines.com\/en\/wp-json\/wp\/v2\/users\/2"}],"replies":[{"embeddable":true,"href":"https:\/\/neuruswines.com\/en\/wp-json\/wp\/v2\/comments?post=1968"}],"version-history":[{"count":94,"href":"https:\/\/neuruswines.com\/en\/wp-json\/wp\/v2\/pages\/1968\/revisions"}],"predecessor-version":[{"id":2561,"href":"https:\/\/neuruswines.com\/en\/wp-json\/wp\/v2\/pages\/1968\/revisions\/2561"}],"wp:attachment":[{"href":"https:\/\/neuruswines.com\/en\/wp-json\/wp\/v2\/media?parent=1968"}],"curies":[{"name":"wp","href":"https:\/\/api.w.org\/{rel}","templated":true}]}}