{"id":1974,"date":"2025-11-27T16:10:57","date_gmt":"2025-11-27T16:10:57","guid":{"rendered":"https:\/\/neuruswines.com\/?page_id=1974"},"modified":"2025-12-02T19:07:16","modified_gmt":"2025-12-02T19:07:16","slug":"prensa","status":"publish","type":"page","link":"https:\/\/neuruswines.com\/en\/prensa\/","title":{"rendered":"Press"},"content":{"rendered":"<div data-elementor-type=\"wp-page\" data-elementor-id=\"1974\" class=\"elementor elementor-1974\">\n\t\t\t\t<div class=\"elementor-element elementor-element-5479827 e-con-full e-flex e-con e-parent\" data-id=\"5479827\" data-element_type=\"container\" data-settings=\"{&quot;background_background&quot;:&quot;video&quot;,&quot;background_video_link&quot;:&quot;https:\\\/\\\/neuruswines.com\\\/wp-content\\\/uploads\\\/2025\\\/11\\\/456175_Wine_Red_Wine_1920x1080.mp4&quot;}\">\n\t\t<div class=\"elementor-background-video-container elementor-hidden-mobile\" aria-hidden=\"true\">\n\t\t\t\t\t\t\t<video class=\"elementor-background-video-hosted\" autoplay muted playsinline loop><\/video>\n\t\t\t\t\t<\/div><div class=\"elementor-element elementor-element-8a838b8 e-flex e-con-boxed e-con e-child\" data-id=\"8a838b8\" data-element_type=\"container\">\n\t\t\t\t\t<div class=\"e-con-inner\">\n\t\t\t\t<div class=\"elementor-element elementor-element-d29f845 animated-slow elementor-invisible elementor-widget elementor-widget-heading\" data-id=\"d29f845\" data-element_type=\"widget\" data-settings=\"{&quot;_animation&quot;:&quot;fadeInUp&quot;}\" data-widget_type=\"heading.default\">\n\t\t\t\t\t<h2 class=\"elementor-heading-title elementor-size-default\"><p>\n  <span style=\"font-weight:600\">Experiencia Neurus<\/span><br>\n  <span style=\"font-weight:300\">No es solo un vino. Es un estado.<\/span>\n<\/p>\n<\/h2>\t\t\t\t<\/div>\n\t\t\t\t<div class=\"elementor-element elementor-element-7306b36 elementor-widget-divider--view-line elementor-widget elementor-widget-divider\" data-id=\"7306b36\" data-element_type=\"widget\" data-widget_type=\"divider.default\">\n\t\t\t\t\t\t\t<div class=\"elementor-divider\">\n\t\t\t<span class=\"elementor-divider-separator\">\n\t\t\t\t\t\t<\/span>\n\t\t<\/div>\n\t\t\t\t\t\t<\/div>\n\t\t\t\t\t<\/div>\n\t\t\t\t<\/div>\n\t\t\t\t<\/div>\n\t\t<div class=\"elementor-element elementor-element-3272a893 e-flex e-con-boxed e-con e-parent\" data-id=\"3272a893\" data-element_type=\"container\" id=\"experiencia\" data-settings=\"{&quot;background_background&quot;:&quot;gradient&quot;}\">\n\t\t\t\t\t<div class=\"e-con-inner\">\n\t\t<div class=\"elementor-element elementor-element-4287316a e-con-full e-flex elementor-invisible e-con e-child\" data-id=\"4287316a\" data-element_type=\"container\" data-settings=\"{&quot;animation&quot;:&quot;fadeInUp&quot;}\">\n\t\t\t\t<div class=\"elementor-element elementor-element-53479ecc elementor-widget elementor-widget-heading\" data-id=\"53479ecc\" data-element_type=\"widget\" data-widget_type=\"heading.default\">\n\t\t\t\t\t<h2 class=\"elementor-heading-title elementor-size-default\">Cada botella abre una pausa intensa,<br>un momento donde lo sensorial toma el mando.<\/h2>\t\t\t\t<\/div>\n\t\t\t\t<div class=\"elementor-element elementor-element-16c8ac59 elementor-widget elementor-widget-text-editor\" data-id=\"16c8ac59\" data-element_type=\"widget\" data-widget_type=\"text-editor.default\">\n\t\t\t\t\t\t\t\t\t<p>Acced\u00e9 a las \u00faltimas novedades, lanzamientos y materiales oficiales de nuestra bodega. Ponemos a disposici\u00f3n informaci\u00f3n, im\u00e1genes y recursos para que conozcas y compartas la esencia de nuestros vinos del Valle de Uco.<\/p>\t\t\t\t\t\t\t\t<\/div>\n\t\t\t\t<\/div>\n\t\t\t\t\t<\/div>\n\t\t\t\t<\/div>\n\t\t<div class=\"elementor-element elementor-element-38ae5917 e-flex e-con-boxed e-con e-parent\" data-id=\"38ae5917\" data-element_type=\"container\" data-settings=\"{&quot;background_background&quot;:&quot;classic&quot;}\">\n\t\t\t\t\t<div class=\"e-con-inner\">\n\t\t<div class=\"elementor-element elementor-element-1a6c5644 e-con-full e-flex e-con e-child\" data-id=\"1a6c5644\" data-element_type=\"container\">\n\t\t\t\t<div class=\"elementor-element elementor-element-2e66c427 elementor-widget elementor-widget-heading\" data-id=\"2e66c427\" data-element_type=\"widget\" data-widget_type=\"heading.default\">\n\t\t\t\t\t<h2 class=\"elementor-heading-title elementor-size-default\">Prensa<\/h2>\t\t\t\t<\/div>\n\t\t\t\t<div class=\"elementor-element elementor-element-77513df2 elementor-widget elementor-widget-text-editor\" data-id=\"77513df2\" data-element_type=\"widget\" data-widget_type=\"text-editor.default\">\n\t\t\t\t\t\t\t\t\t<p>Descubr\u00ed los eventos en los que participa Neurus y las \u00faltimas noticias.\u00a0<\/p>\t\t\t\t\t\t\t\t<\/div>\n\t\t\t\t<\/div>\n\t\t<div class=\"elementor-element elementor-element-5d318f40 e-flex e-con-boxed e-con e-child\" data-id=\"5d318f40\" data-element_type=\"container\">\n\t\t\t\t\t<div class=\"e-con-inner\">\n\t\t\t\t<div class=\"elementor-element elementor-element-7a0b905c elementor-widget elementor-widget-hfe-basic-posts\" data-id=\"7a0b905c\" data-element_type=\"widget\" data-widget_type=\"hfe-basic-posts.default\">\n\t\t\t\t<div class=\"elementor-widget-container\">\n\t\t\t\t\t\n<div class=\"hfe-posts-grid\">\n\t\t\t<article class=\"hfe-post-card\">\n\t\t\t\t\t\t\t<div class=\"hfe-post-image\">\n\t\t\t\t\t<a href=\"https:\/\/neuruswines.com\/en\/nuestros-varietales\/\" rel=\"bookmark\">\n\t\t\t\t\t\t<img loading=\"lazy\" decoding=\"async\" width=\"1707\" height=\"1707\" src=\"https:\/\/neuruswines.com\/wp-content\/uploads\/2025\/11\/Neurus.produ-27-1-scaled-e1764702304281.jpg\" class=\"attachment-full size-full wp-post-image\" alt=\"Nuestros Varietales\" srcset=\"https:\/\/neuruswines.com\/wp-content\/uploads\/2025\/11\/Neurus.produ-27-1-scaled-e1764702304281.jpg 1707w, https:\/\/neuruswines.com\/wp-content\/uploads\/2025\/11\/Neurus.produ-27-1-scaled-e1764702304281-300x300.jpg 300w, https:\/\/neuruswines.com\/wp-content\/uploads\/2025\/11\/Neurus.produ-27-1-scaled-e1764702304281-1024x1024.jpg 1024w, https:\/\/neuruswines.com\/wp-content\/uploads\/2025\/11\/Neurus.produ-27-1-scaled-e1764702304281-150x150.jpg 150w, https:\/\/neuruswines.com\/wp-content\/uploads\/2025\/11\/Neurus.produ-27-1-scaled-e1764702304281-768x768.jpg 768w, https:\/\/neuruswines.com\/wp-content\/uploads\/2025\/11\/Neurus.produ-27-1-scaled-e1764702304281-1536x1536.jpg 1536w, https:\/\/neuruswines.com\/wp-content\/uploads\/2025\/11\/Neurus.produ-27-1-scaled-e1764702304281-12x12.jpg 12w\" sizes=\"auto, (max-width: 1707px) 100vw, 1707px\" \/>\t\t\t\t\t<\/a>\n\t\t\t\t<\/div>\n\t\t\t\n\t\t\t<div class=\"hfe-post-content\">\n\t\t\t\t\t\t\t\t\t<h3 class=\"hfe-post-title\">\n\t\t\t\t\t\t<a href=\"https:\/\/neuruswines.com\/en\/nuestros-varietales\/\" rel=\"bookmark\">\n\t\t\t\t\t\t\tNuestros Varietales\t\t\t\t\t\t<\/a>\n\t\t\t\t\t<\/h3>\n\t\t\t\t\n\t\t\t\t\n\t\t\t\t\t\t\t\t\t<div class=\"hfe-post-excerpt\">\n\t\t\t\t\t\tNuestros Varietales \u00a1Conoc\u00e9 nuestros vinos de especialidad! \u00a0 Todo sobre Neurus NEURUS Malbec 2023A la vista: rojo profundo, con matices...\t\t\t\t\t<\/div>\n\t\t\t\t\n\t\t\t\t\t\t\t\t\t<a href=\"https:\/\/neuruswines.com\/en\/nuestros-varietales\/\" class=\"hfe-read-more\" rel=\"bookmark\">\n\t\t\t\t\t\tLeer \u2192\t\t\t\t\t<\/a>\n\t\t\t\t\t\t\t<\/div>\n\t\t<\/article>\n\t\t\t\t<article class=\"hfe-post-card\">\n\t\t\t\t\t\t\t<div class=\"hfe-post-image\">\n\t\t\t\t\t<a href=\"https:\/\/neuruswines.com\/en\/lanzamiento-de-neurus\/\" rel=\"bookmark\">\n\t\t\t\t\t\t<img loading=\"lazy\" decoding=\"async\" width=\"1707\" height=\"1707\" src=\"https:\/\/neuruswines.com\/wp-content\/uploads\/2025\/11\/7U4A4864-1-scaled-e1764702386313.jpg\" class=\"attachment-full size-full wp-post-image\" alt=\"Lanzamiento de Neurus\" srcset=\"https:\/\/neuruswines.com\/wp-content\/uploads\/2025\/11\/7U4A4864-1-scaled-e1764702386313.jpg 1707w, https:\/\/neuruswines.com\/wp-content\/uploads\/2025\/11\/7U4A4864-1-scaled-e1764702386313-300x300.jpg 300w, https:\/\/neuruswines.com\/wp-content\/uploads\/2025\/11\/7U4A4864-1-scaled-e1764702386313-1024x1024.jpg 1024w, https:\/\/neuruswines.com\/wp-content\/uploads\/2025\/11\/7U4A4864-1-scaled-e1764702386313-150x150.jpg 150w, https:\/\/neuruswines.com\/wp-content\/uploads\/2025\/11\/7U4A4864-1-scaled-e1764702386313-768x768.jpg 768w, https:\/\/neuruswines.com\/wp-content\/uploads\/2025\/11\/7U4A4864-1-scaled-e1764702386313-1536x1536.jpg 1536w, https:\/\/neuruswines.com\/wp-content\/uploads\/2025\/11\/7U4A4864-1-scaled-e1764702386313-12x12.jpg 12w\" sizes=\"auto, (max-width: 1707px) 100vw, 1707px\" \/>\t\t\t\t\t<\/a>\n\t\t\t\t<\/div>\n\t\t\t\n\t\t\t<div class=\"hfe-post-content\">\n\t\t\t\t\t\t\t\t\t<h3 class=\"hfe-post-title\">\n\t\t\t\t\t\t<a href=\"https:\/\/neuruswines.com\/en\/lanzamiento-de-neurus\/\" rel=\"bookmark\">\n\t\t\t\t\t\t\tLanzamiento de Neurus\t\t\t\t\t\t<\/a>\n\t\t\t\t\t<\/h3>\n\t\t\t\t\n\t\t\t\t\n\t\t\t\t\t\t\t\t\t<div class=\"hfe-post-excerpt\">\n\t\t\t\t\t\tLanzamiento de Neurus \u00a1Neurus hace su debut en Canning Brinda III en La Noche de las Vinotecas! Neurus se present\u00f3...\t\t\t\t\t<\/div>\n\t\t\t\t\n\t\t\t\t\t\t\t\t\t<a href=\"https:\/\/neuruswines.com\/en\/lanzamiento-de-neurus\/\" class=\"hfe-read-more\" rel=\"bookmark\">\n\t\t\t\t\t\tLeer \u2192\t\t\t\t\t<\/a>\n\t\t\t\t\t\t\t<\/div>\n\t\t<\/article>\n\t\t<\/div>\n\t\t\t\t<\/div>\n\t\t\t\t<\/div>\n\t\t\t\t\t<\/div>\n\t\t\t\t<\/div>\n\t\t\t\t\t<\/div>\n\t\t\t\t<\/div>\n\t\t\t\t<\/div>","protected":false},"excerpt":{"rendered":"<p>Experiencia Neurus No es solo un vino. Es un estado. Cada botella abre una pausa intensa,un momento donde lo sensorial toma el mando. Acced\u00e9 a las \u00faltimas novedades, lanzamientos y materiales oficiales de nuestra bodega. Ponemos a disposici\u00f3n informaci\u00f3n, im\u00e1genes y recursos para que conozcas y compartas la esencia de nuestros vinos del Valle de [&hellip;]<\/p>","protected":false},"author":2,"featured_media":0,"parent":0,"menu_order":0,"comment_status":"closed","ping_status":"closed","template":"","meta":{"_uag_custom_page_level_css":"","footnotes":""},"class_list":["post-1974","page","type-page","status-publish","hentry"],"uagb_featured_image_src":{"full":false,"thumbnail":false,"medium":false,"medium_large":false,"large":false,"1536x1536":false,"2048x2048":false,"trp-custom-language-flag":false},"uagb_author_info":{"display_name":"a0040270","author_link":"https:\/\/neuruswines.com\/en\/author\/a0040270\/"},"uagb_comment_info":0,"uagb_excerpt":"Experiencia Neurus No es solo un vino. Es un estado. Cada botella abre una pausa intensa,un momento donde lo sensorial toma el mando. Acced\u00e9 a las \u00faltimas novedades, lanzamientos y materiales oficiales de nuestra bodega. Ponemos a disposici\u00f3n informaci\u00f3n, im\u00e1genes y recursos para que conozcas y compartas la esencia de nuestros vinos del Valle de&hellip;","_links":{"self":[{"href":"https:\/\/neuruswines.com\/en\/wp-json\/wp\/v2\/pages\/1974","targetHints":{"allow":["GET"]}}],"collection":[{"href":"https:\/\/neuruswines.com\/en\/wp-json\/wp\/v2\/pages"}],"about":[{"href":"https:\/\/neuruswines.com\/en\/wp-json\/wp\/v2\/types\/page"}],"author":[{"embeddable":true,"href":"https:\/\/neuruswines.com\/en\/wp-json\/wp\/v2\/users\/2"}],"replies":[{"embeddable":true,"href":"https:\/\/neuruswines.com\/en\/wp-json\/wp\/v2\/comments?post=1974"}],"version-history":[{"count":38,"href":"https:\/\/neuruswines.com\/en\/wp-json\/wp\/v2\/pages\/1974\/revisions"}],"predecessor-version":[{"id":2472,"href":"https:\/\/neuruswines.com\/en\/wp-json\/wp\/v2\/pages\/1974\/revisions\/2472"}],"wp:attachment":[{"href":"https:\/\/neuruswines.com\/en\/wp-json\/wp\/v2\/media?parent=1974"}],"curies":[{"name":"wp","href":"https:\/\/api.w.org\/{rel}","templated":true}]}}