{"id":28,"date":"2025-11-13T13:54:56","date_gmt":"2025-11-13T13:54:56","guid":{"rendered":"https:\/\/neuruswines.com\/?page_id=28"},"modified":"2026-03-18T18:52:28","modified_gmt":"2026-03-18T18:52:28","slug":"neurus-wines","status":"publish","type":"page","link":"https:\/\/neuruswines.com\/en\/","title":{"rendered":"Neurus Wines"},"content":{"rendered":"<div data-elementor-type=\"wp-page\" data-elementor-id=\"28\" class=\"elementor elementor-28\">\n\t\t\t\t<div class=\"elementor-element elementor-element-b367cf3 e-con-full e-flex e-con e-parent\" data-id=\"b367cf3\" data-element_type=\"container\">\n\t\t<div class=\"elementor-element elementor-element-96495c1 e-con-full section e-flex e-con e-child\" data-id=\"96495c1\" data-element_type=\"container\" id=\"section1\" data-settings=\"{&quot;background_background&quot;:&quot;classic&quot;}\">\n\t\t<div class=\"elementor-element elementor-element-8ce1abb noaplica e-flex e-con-boxed e-con e-child\" data-id=\"8ce1abb\" data-element_type=\"container\" id=\"noaplica\" data-settings=\"{&quot;background_background&quot;:&quot;classic&quot;}\">\n\t\t\t\t\t<div class=\"e-con-inner\">\n\t\t\t\t<div class=\"elementor-element elementor-element-2e0e83b elementor-widget-mobile__width-inherit elementor-widget elementor-widget-image\" data-id=\"2e0e83b\" data-element_type=\"widget\" data-widget_type=\"image.default\">\n\t\t\t\t\t\t\t\t\t\t\t\t\t\t\t<img fetchpriority=\"high\" decoding=\"async\" width=\"2560\" height=\"1505\" src=\"https:\/\/neuruswines.com\/wp-content\/uploads\/2025\/11\/2-final-scaled.png\" class=\"attachment-full size-full wp-image-1563\" alt=\"\" srcset=\"https:\/\/neuruswines.com\/wp-content\/uploads\/2025\/11\/2-final-scaled.png 2560w, https:\/\/neuruswines.com\/wp-content\/uploads\/2025\/11\/2-final-300x176.png 300w, https:\/\/neuruswines.com\/wp-content\/uploads\/2025\/11\/2-final-1024x602.png 1024w, https:\/\/neuruswines.com\/wp-content\/uploads\/2025\/11\/2-final-768x451.png 768w, https:\/\/neuruswines.com\/wp-content\/uploads\/2025\/11\/2-final-1536x903.png 1536w, https:\/\/neuruswines.com\/wp-content\/uploads\/2025\/11\/2-final-2048x1204.png 2048w\" sizes=\"(max-width: 2560px) 100vw, 2560px\" \/>\t\t\t\t\t\t\t\t\t\t\t\t\t\t\t<\/div>\n\t\t\t\t\t<\/div>\n\t\t\t\t<\/div>\n\t\t\t\t<\/div>\n\t\t\t\t<\/div>\n\t\t<div class=\"elementor-element elementor-element-6afcbf3 e-flex e-con-boxed e-con e-parent\" data-id=\"6afcbf3\" data-element_type=\"container\" id=\"experiencia\" data-settings=\"{&quot;background_background&quot;:&quot;gradient&quot;,&quot;animation&quot;:&quot;none&quot;}\">\n\t\t\t\t\t<div class=\"e-con-inner\">\n\t\t<div class=\"elementor-element elementor-element-fd378a7 e-con-full e-flex elementor-invisible e-con e-child\" data-id=\"fd378a7\" data-element_type=\"container\" data-settings=\"{&quot;animation&quot;:&quot;fadeInUp&quot;}\">\n\t\t\t\t<div class=\"elementor-element elementor-element-d8c0f9d elementor-widget elementor-widget-heading\" data-id=\"d8c0f9d\" data-element_type=\"widget\" data-widget_type=\"heading.default\">\n\t\t\t\t\t<h2 class=\"elementor-heading-title elementor-size-default\">Hay un instante donde la mente se detiene<br> y el instinto toma el mando.\nAh\u00ed nace Neurus.<\/h2>\t\t\t\t<\/div>\n\t\t\t\t<div class=\"elementor-element elementor-element-7d37fa7 elementor-widget elementor-widget-text-editor\" data-id=\"7d37fa7\" data-element_type=\"widget\" data-widget_type=\"text-editor.default\">\n\t\t\t\t\t\t\t\t\t<p>Un vino que no busca calma, sino verdad.<br \/>Hecho para quienes piensan, sienten y se pierden en su propio laberinto.<br \/>Cada sorbo es una conexi\u00f3n, una descarga, una idea que se enciende.<\/p><p>Porque el vino no solo se bebe.<br \/>Se piensa. Se siente. Se revela.<\/p><p>Neurus \u2014 el pensamiento hecho vino.<\/p>\t\t\t\t\t\t\t\t<\/div>\n\t\t\t\t<\/div>\n\t\t\t\t\t<\/div>\n\t\t\t\t<\/div>\n\t\t<div class=\"elementor-element elementor-element-1afc2a0 e-flex e-con-boxed e-con e-parent\" data-id=\"1afc2a0\" data-element_type=\"container\" data-settings=\"{&quot;background_background&quot;:&quot;classic&quot;}\">\n\t\t\t\t\t<div class=\"e-con-inner\">\n\t\t<div class=\"elementor-element elementor-element-df5503a e-con-full e-flex elementor-invisible e-con e-child\" data-id=\"df5503a\" data-element_type=\"container\" data-settings=\"{&quot;background_background&quot;:&quot;classic&quot;,&quot;animation&quot;:&quot;fadeInLeft&quot;}\">\n\t\t\t\t<\/div>\n\t\t<div class=\"elementor-element elementor-element-0532808 e-con-full e-flex e-con e-child\" data-id=\"0532808\" data-element_type=\"container\">\n\t\t<div class=\"elementor-element elementor-element-6c78ab6 e-con-full e-flex e-con e-child\" data-id=\"6c78ab6\" data-element_type=\"container\">\n\t\t\t\t<div class=\"elementor-element elementor-element-659f73f elementor-widget elementor-widget-heading\" data-id=\"659f73f\" data-element_type=\"widget\" data-widget_type=\"heading.default\">\n\t\t\t\t\t<h2 class=\"elementor-heading-title elementor-size-default\">Variedades<\/h2>\t\t\t\t<\/div>\n\t\t\t\t<div class=\"elementor-element elementor-element-fe963a0 elementor-widget elementor-widget-heading\" data-id=\"fe963a0\" data-element_type=\"widget\" data-widget_type=\"heading.default\">\n\t\t\t\t\t<h2 class=\"elementor-heading-title elementor-size-default\">Malbec '22<\/h2>\t\t\t\t<\/div>\n\t\t\t\t<div class=\"elementor-element elementor-element-11ab4ef elementor-widget elementor-widget-text-editor\" data-id=\"11ab4ef\" data-element_type=\"widget\" data-widget_type=\"text-editor.default\">\n\t\t\t\t\t\t\t\t\t<p>Vino de gran car\u00e1cter, rojo profundo y aromas a frutas rojas y hierbas. En boca, fresco, con buena estructura y un final intenso y especiado.<\/p>\t\t\t\t\t\t\t\t<\/div>\n\t\t\t\t<div class=\"elementor-element elementor-element-0d333fd elementor-widget elementor-widget-button\" data-id=\"0d333fd\" data-element_type=\"widget\" data-widget_type=\"button.default\">\n\t\t\t\t\t\t\t\t\t\t<a class=\"elementor-button elementor-button-link elementor-size-sm\" href=\"https:\/\/neuruswines.com\/en\/wines\/\">\n\t\t\t\t\t\t<span class=\"elementor-button-content-wrapper\">\n\t\t\t\t\t\t\t\t\t<span class=\"elementor-button-text\">Experimentalo <\/span>\n\t\t\t\t\t<\/span>\n\t\t\t\t\t<\/a>\n\t\t\t\t\t\t\t\t<\/div>\n\t\t\t\t<\/div>\n\t\t<div class=\"elementor-element elementor-element-c6f9547 e-con-full e-flex elementor-invisible e-con e-child\" data-id=\"c6f9547\" data-element_type=\"container\" data-settings=\"{&quot;animation&quot;:&quot;fadeInUp&quot;}\">\n\t\t<div class=\"elementor-element elementor-element-e280808 e-con-full e-flex e-con e-child\" data-id=\"e280808\" data-element_type=\"container\">\n\t\t\t\t<div class=\"elementor-element elementor-element-9df7a1d elementor-widget elementor-widget-heading\" data-id=\"9df7a1d\" data-element_type=\"widget\" data-widget_type=\"heading.default\">\n\t\t\t\t\t<h2 class=\"elementor-heading-title elementor-size-default\">13,8%<\/h2>\t\t\t\t<\/div>\n\t\t\t\t<div class=\"elementor-element elementor-element-6cbce85 elementor-widget elementor-widget-text-editor\" data-id=\"6cbce85\" data-element_type=\"widget\" data-widget_type=\"text-editor.default\">\n\t\t\t\t\t\t\t\t\t<p>Alcohol<\/p>\t\t\t\t\t\t\t\t<\/div>\n\t\t\t\t<\/div>\n\t\t<div class=\"elementor-element elementor-element-1cd1436 e-con-full e-flex e-con e-child\" data-id=\"1cd1436\" data-element_type=\"container\">\n\t\t\t\t<div class=\"elementor-element elementor-element-e773737 elementor-widget elementor-widget-heading\" data-id=\"e773737\" data-element_type=\"widget\" data-widget_type=\"heading.default\">\n\t\t\t\t\t<h2 class=\"elementor-heading-title elementor-size-default\">5.63g<\/h2>\t\t\t\t<\/div>\n\t\t\t\t<div class=\"elementor-element elementor-element-89523f2 elementor-widget elementor-widget-text-editor\" data-id=\"89523f2\" data-element_type=\"widget\" data-widget_type=\"text-editor.default\">\n\t\t\t\t\t\t\t\t\t<p>Acidez<\/p>\t\t\t\t\t\t\t\t<\/div>\n\t\t\t\t<\/div>\n\t\t<div class=\"elementor-element elementor-element-baa833f e-con-full e-flex e-con e-child\" data-id=\"baa833f\" data-element_type=\"container\">\n\t\t\t\t<div class=\"elementor-element elementor-element-c9a9673 elementor-widget elementor-widget-heading\" data-id=\"c9a9673\" data-element_type=\"widget\" data-widget_type=\"heading.default\">\n\t\t\t\t\t<h2 class=\"elementor-heading-title elementor-size-default\">2022<\/h2>\t\t\t\t<\/div>\n\t\t\t\t<div class=\"elementor-element elementor-element-b11c13c elementor-widget elementor-widget-text-editor\" data-id=\"b11c13c\" data-element_type=\"widget\" data-widget_type=\"text-editor.default\">\n\t\t\t\t\t\t\t\t\t<p>Cosecha manual<\/p>\t\t\t\t\t\t\t\t<\/div>\n\t\t\t\t<\/div>\n\t\t\t\t<\/div>\n\t\t\t\t<\/div>\n\t\t\t\t\t<\/div>\n\t\t\t\t<\/div>\n\t\t<div class=\"elementor-element elementor-element-cfa5d05 e-con-full e-flex e-con e-parent\" data-id=\"cfa5d05\" data-element_type=\"container\">\n\t\t<div class=\"elementor-element elementor-element-b2bde10 e-con-full e-flex elementor-invisible e-con e-child\" data-id=\"b2bde10\" data-element_type=\"container\" data-settings=\"{&quot;background_background&quot;:&quot;classic&quot;,&quot;animation&quot;:&quot;fadeInRight&quot;}\">\n\t\t\t\t<\/div>\n\t\t<div class=\"elementor-element elementor-element-f232b31 e-con-full e-flex elementor-invisible e-con e-child\" data-id=\"f232b31\" data-element_type=\"container\" data-settings=\"{&quot;background_background&quot;:&quot;classic&quot;,&quot;animation&quot;:&quot;fadeInLeft&quot;}\">\n\t\t<div class=\"elementor-element elementor-element-d833698 e-con-full e-flex e-con e-child\" data-id=\"d833698\" data-element_type=\"container\" data-settings=\"{&quot;background_background&quot;:&quot;classic&quot;}\">\n\t\t\t\t<div class=\"elementor-element elementor-element-c95fff2 elementor-widget elementor-widget-heading\" data-id=\"c95fff2\" data-element_type=\"widget\" data-widget_type=\"heading.default\">\n\t\t\t\t\t<h2 class=\"elementor-heading-title elementor-size-default\">Experiencia <\/h2>\t\t\t\t<\/div>\n\t\t\t\t<div class=\"elementor-element elementor-element-c6a2cc9 elementor-widget-divider--view-line elementor-widget elementor-widget-divider\" data-id=\"c6a2cc9\" data-element_type=\"widget\" data-widget_type=\"divider.default\">\n\t\t\t\t\t\t\t<div class=\"elementor-divider\">\n\t\t\t<span class=\"elementor-divider-separator\">\n\t\t\t\t\t\t<\/span>\n\t\t<\/div>\n\t\t\t\t\t\t<\/div>\n\t\t\t\t<div class=\"elementor-element elementor-element-eb77650 elementor-widget elementor-widget-text-editor\" data-id=\"eb77650\" data-element_type=\"widget\" data-widget_type=\"text-editor.default\">\n\t\t\t\t\t\t\t\t\t<p>En boca se muestra estructurado y fresco, con un final amplio e intenso, rematado por un suave toque especiado.<\/p>\t\t\t\t\t\t\t\t<\/div>\n\t\t\t\t<\/div>\n\t\t\t\t<\/div>\n\t\t\t\t<\/div>\n\t\t<div class=\"elementor-element elementor-element-12bbeb1 e-flex e-con-boxed e-con e-parent\" data-id=\"12bbeb1\" data-element_type=\"container\" data-settings=\"{&quot;background_background&quot;:&quot;classic&quot;}\">\n\t\t\t\t\t<div class=\"e-con-inner\">\n\t\t<div class=\"elementor-element elementor-element-915463a e-con-full e-flex elementor-invisible e-con e-child\" data-id=\"915463a\" data-element_type=\"container\" data-settings=\"{&quot;background_background&quot;:&quot;classic&quot;,&quot;animation&quot;:&quot;fadeInLeft&quot;}\">\n\t\t\t\t<\/div>\n\t\t<div class=\"elementor-element elementor-element-e03b58c e-con-full e-flex e-con e-child\" data-id=\"e03b58c\" data-element_type=\"container\">\n\t\t<div class=\"elementor-element elementor-element-e5a5dd2 e-con-full e-flex e-con e-child\" data-id=\"e5a5dd2\" data-element_type=\"container\">\n\t\t\t\t<div class=\"elementor-element elementor-element-e9c535d elementor-widget elementor-widget-heading\" data-id=\"e9c535d\" data-element_type=\"widget\" data-widget_type=\"heading.default\">\n\t\t\t\t\t<h2 class=\"elementor-heading-title elementor-size-default\">Variedades<\/h2>\t\t\t\t<\/div>\n\t\t\t\t<div class=\"elementor-element elementor-element-4ab59a8 elementor-widget elementor-widget-heading\" data-id=\"4ab59a8\" data-element_type=\"widget\" data-widget_type=\"heading.default\">\n\t\t\t\t\t<h2 class=\"elementor-heading-title elementor-size-default\">Pinot Noir '24<\/h2>\t\t\t\t<\/div>\n\t\t\t\t<div class=\"elementor-element elementor-element-d6a8b4e elementor-widget elementor-widget-text-editor\" data-id=\"d6a8b4e\" data-element_type=\"widget\" data-widget_type=\"text-editor.default\">\n\t\t\t\t\t\t\t\t\t<p>Vino de gran car\u00e1cter, rojo profundo y aromas a frutas rojas y hierbas. En boca, fresco, con buena estructura y un final intenso y especiado.<\/p>\t\t\t\t\t\t\t\t<\/div>\n\t\t\t\t<div class=\"elementor-element elementor-element-6d511fe elementor-widget elementor-widget-button\" data-id=\"6d511fe\" data-element_type=\"widget\" data-widget_type=\"button.default\">\n\t\t\t\t\t\t\t\t\t\t<a class=\"elementor-button elementor-button-link elementor-size-sm\" href=\"https:\/\/neuruswines.com\/en\/wines\/\">\n\t\t\t\t\t\t<span class=\"elementor-button-content-wrapper\">\n\t\t\t\t\t\t\t\t\t<span class=\"elementor-button-text\">Conocelo<\/span>\n\t\t\t\t\t<\/span>\n\t\t\t\t\t<\/a>\n\t\t\t\t\t\t\t\t<\/div>\n\t\t\t\t<\/div>\n\t\t<div class=\"elementor-element elementor-element-378b5b1 e-con-full e-flex elementor-invisible e-con e-child\" data-id=\"378b5b1\" data-element_type=\"container\" data-settings=\"{&quot;animation&quot;:&quot;fadeInUp&quot;}\">\n\t\t<div class=\"elementor-element elementor-element-578b761 e-con-full e-flex e-con e-child\" data-id=\"578b761\" data-element_type=\"container\">\n\t\t\t\t<div class=\"elementor-element elementor-element-442c044 elementor-widget elementor-widget-heading\" data-id=\"442c044\" data-element_type=\"widget\" data-widget_type=\"heading.default\">\n\t\t\t\t\t<h2 class=\"elementor-heading-title elementor-size-default\">13,8%<\/h2>\t\t\t\t<\/div>\n\t\t\t\t<div class=\"elementor-element elementor-element-f96159d elementor-widget elementor-widget-text-editor\" data-id=\"f96159d\" data-element_type=\"widget\" data-widget_type=\"text-editor.default\">\n\t\t\t\t\t\t\t\t\t<p>Alcohol<\/p>\t\t\t\t\t\t\t\t<\/div>\n\t\t\t\t<\/div>\n\t\t<div class=\"elementor-element elementor-element-8e3e926 e-con-full e-flex e-con e-child\" data-id=\"8e3e926\" data-element_type=\"container\">\n\t\t\t\t<div class=\"elementor-element elementor-element-3e315e9 elementor-widget elementor-widget-heading\" data-id=\"3e315e9\" data-element_type=\"widget\" data-widget_type=\"heading.default\">\n\t\t\t\t\t<h2 class=\"elementor-heading-title elementor-size-default\">5.63g<\/h2>\t\t\t\t<\/div>\n\t\t\t\t<div class=\"elementor-element elementor-element-4f833ff elementor-widget elementor-widget-text-editor\" data-id=\"4f833ff\" data-element_type=\"widget\" data-widget_type=\"text-editor.default\">\n\t\t\t\t\t\t\t\t\t<p>Acidez<\/p>\t\t\t\t\t\t\t\t<\/div>\n\t\t\t\t<\/div>\n\t\t<div class=\"elementor-element elementor-element-6b97523 e-con-full e-flex e-con e-child\" data-id=\"6b97523\" data-element_type=\"container\">\n\t\t\t\t<div class=\"elementor-element elementor-element-d3a8c3e elementor-widget elementor-widget-heading\" data-id=\"d3a8c3e\" data-element_type=\"widget\" data-widget_type=\"heading.default\">\n\t\t\t\t\t<h2 class=\"elementor-heading-title elementor-size-default\">2022<\/h2>\t\t\t\t<\/div>\n\t\t\t\t<div class=\"elementor-element elementor-element-aafa5e2 elementor-widget elementor-widget-text-editor\" data-id=\"aafa5e2\" data-element_type=\"widget\" data-widget_type=\"text-editor.default\">\n\t\t\t\t\t\t\t\t\t<p>Cosecha manual<\/p>\t\t\t\t\t\t\t\t<\/div>\n\t\t\t\t<\/div>\n\t\t\t\t<\/div>\n\t\t\t\t<\/div>\n\t\t\t\t\t<\/div>\n\t\t\t\t<\/div>\n\t\t<div class=\"elementor-element elementor-element-8ab549e e-con-full e-flex e-con e-parent\" data-id=\"8ab549e\" data-element_type=\"container\">\n\t\t<div class=\"elementor-element elementor-element-ebde08e e-con-full e-flex elementor-invisible e-con e-child\" data-id=\"ebde08e\" data-element_type=\"container\" data-settings=\"{&quot;background_background&quot;:&quot;classic&quot;,&quot;animation&quot;:&quot;fadeInRight&quot;}\">\n\t\t\t\t<\/div>\n\t\t<div class=\"elementor-element elementor-element-9b60a5f e-con-full e-flex elementor-invisible e-con e-child\" data-id=\"9b60a5f\" data-element_type=\"container\" data-settings=\"{&quot;background_background&quot;:&quot;classic&quot;,&quot;animation&quot;:&quot;fadeInLeft&quot;}\">\n\t\t<div class=\"elementor-element elementor-element-46e2166 e-con-full e-flex e-con e-child\" data-id=\"46e2166\" data-element_type=\"container\" data-settings=\"{&quot;background_background&quot;:&quot;classic&quot;}\">\n\t\t\t\t<div class=\"elementor-element elementor-element-ab4b5ae elementor-widget elementor-widget-heading\" data-id=\"ab4b5ae\" data-element_type=\"widget\" data-widget_type=\"heading.default\">\n\t\t\t\t\t<h2 class=\"elementor-heading-title elementor-size-default\">Intensidad<\/h2>\t\t\t\t<\/div>\n\t\t\t\t<div class=\"elementor-element elementor-element-c403ca5 elementor-widget-divider--view-line elementor-widget elementor-widget-divider\" data-id=\"c403ca5\" data-element_type=\"widget\" data-widget_type=\"divider.default\">\n\t\t\t\t\t\t\t<div class=\"elementor-divider\">\n\t\t\t<span class=\"elementor-divider-separator\">\n\t\t\t\t\t\t<\/span>\n\t\t<\/div>\n\t\t\t\t\t\t<\/div>\n\t\t\t\t<div class=\"elementor-element elementor-element-e9ebe30 elementor-widget elementor-widget-text-editor\" data-id=\"e9ebe30\" data-element_type=\"widget\" data-widget_type=\"text-editor.default\">\n\t\t\t\t\t\t\t\t\t<p>En boca se muestra consistente y fresco, gracias a su marcada acidez, y presenta un final ligeramente terroso, caracter\u00edstico del varietal.<\/p>\t\t\t\t\t\t\t\t<\/div>\n\t\t\t\t<\/div>\n\t\t\t\t<\/div>\n\t\t\t\t<\/div>\n\t\t<div class=\"elementor-element elementor-element-1ab292d e-flex e-con-boxed e-con e-parent\" data-id=\"1ab292d\" data-element_type=\"container\" data-settings=\"{&quot;background_background&quot;:&quot;classic&quot;}\">\n\t\t\t\t\t<div class=\"e-con-inner\">\n\t\t<div class=\"elementor-element elementor-element-266d2ec e-con-full e-flex elementor-invisible e-con e-child\" data-id=\"266d2ec\" data-element_type=\"container\" data-settings=\"{&quot;background_background&quot;:&quot;classic&quot;,&quot;animation&quot;:&quot;fadeInLeft&quot;}\">\n\t\t\t\t<\/div>\n\t\t<div class=\"elementor-element elementor-element-d0ee5d8 e-con-full e-flex e-con e-child\" data-id=\"d0ee5d8\" data-element_type=\"container\">\n\t\t<div class=\"elementor-element elementor-element-6d248d8 e-con-full e-flex e-con e-child\" data-id=\"6d248d8\" data-element_type=\"container\">\n\t\t\t\t<div class=\"elementor-element elementor-element-5a42d57 elementor-widget elementor-widget-heading\" data-id=\"5a42d57\" data-element_type=\"widget\" data-widget_type=\"heading.default\">\n\t\t\t\t\t<h2 class=\"elementor-heading-title elementor-size-default\">Variedades<\/h2>\t\t\t\t<\/div>\n\t\t\t\t<div class=\"elementor-element elementor-element-41fbdc5 elementor-widget elementor-widget-heading\" data-id=\"41fbdc5\" data-element_type=\"widget\" data-widget_type=\"heading.default\">\n\t\t\t\t\t<h2 class=\"elementor-heading-title elementor-size-default\">Malbec '23<\/h2>\t\t\t\t<\/div>\n\t\t\t\t<div class=\"elementor-element elementor-element-08d2e5c elementor-widget elementor-widget-text-editor\" data-id=\"08d2e5c\" data-element_type=\"widget\" data-widget_type=\"text-editor.default\">\n\t\t\t\t\t\t\t\t\t<p>Vino de gran car\u00e1cter, color rojo profundo y aroma frutal. En boca, fresco, estructurado y con un final intenso y especiado.<\/p>\t\t\t\t\t\t\t\t<\/div>\n\t\t\t\t<div class=\"elementor-element elementor-element-8a0ede8 elementor-widget elementor-widget-button\" data-id=\"8a0ede8\" data-element_type=\"widget\" data-widget_type=\"button.default\">\n\t\t\t\t\t\t\t\t\t\t<a class=\"elementor-button elementor-button-link elementor-size-sm\" href=\"https:\/\/neuruswines.com\/en\/wines\/\">\n\t\t\t\t\t\t<span class=\"elementor-button-content-wrapper\">\n\t\t\t\t\t\t\t\t\t<span class=\"elementor-button-text\">Descubrilo<\/span>\n\t\t\t\t\t<\/span>\n\t\t\t\t\t<\/a>\n\t\t\t\t\t\t\t\t<\/div>\n\t\t\t\t<\/div>\n\t\t<div class=\"elementor-element elementor-element-320494a e-con-full e-flex elementor-invisible e-con e-child\" data-id=\"320494a\" data-element_type=\"container\" data-settings=\"{&quot;animation&quot;:&quot;fadeInUp&quot;}\">\n\t\t<div class=\"elementor-element elementor-element-dc434a5 e-con-full e-flex e-con e-child\" data-id=\"dc434a5\" data-element_type=\"container\">\n\t\t\t\t<div class=\"elementor-element elementor-element-ca78e53 elementor-widget elementor-widget-heading\" data-id=\"ca78e53\" data-element_type=\"widget\" data-widget_type=\"heading.default\">\n\t\t\t\t\t<h2 class=\"elementor-heading-title elementor-size-default\">14%<\/h2>\t\t\t\t<\/div>\n\t\t\t\t<div class=\"elementor-element elementor-element-c965bfb elementor-widget elementor-widget-text-editor\" data-id=\"c965bfb\" data-element_type=\"widget\" data-widget_type=\"text-editor.default\">\n\t\t\t\t\t\t\t\t\t<p>Alcohol<\/p>\t\t\t\t\t\t\t\t<\/div>\n\t\t\t\t<\/div>\n\t\t<div class=\"elementor-element elementor-element-706aece e-con-full e-flex e-con e-child\" data-id=\"706aece\" data-element_type=\"container\">\n\t\t\t\t<div class=\"elementor-element elementor-element-c363afc elementor-widget elementor-widget-heading\" data-id=\"c363afc\" data-element_type=\"widget\" data-widget_type=\"heading.default\">\n\t\t\t\t\t<h2 class=\"elementor-heading-title elementor-size-default\">5.7g<\/h2>\t\t\t\t<\/div>\n\t\t\t\t<div class=\"elementor-element elementor-element-25090e5 elementor-widget elementor-widget-text-editor\" data-id=\"25090e5\" data-element_type=\"widget\" data-widget_type=\"text-editor.default\">\n\t\t\t\t\t\t\t\t\t<p>Acidez<\/p>\t\t\t\t\t\t\t\t<\/div>\n\t\t\t\t<\/div>\n\t\t<div class=\"elementor-element elementor-element-8b33249 e-con-full e-flex e-con e-child\" data-id=\"8b33249\" data-element_type=\"container\">\n\t\t\t\t<div class=\"elementor-element elementor-element-3264cb9 elementor-widget elementor-widget-heading\" data-id=\"3264cb9\" data-element_type=\"widget\" data-widget_type=\"heading.default\">\n\t\t\t\t\t<h2 class=\"elementor-heading-title elementor-size-default\">2023<\/h2>\t\t\t\t<\/div>\n\t\t\t\t<div class=\"elementor-element elementor-element-2958090 elementor-widget elementor-widget-text-editor\" data-id=\"2958090\" data-element_type=\"widget\" data-widget_type=\"text-editor.default\">\n\t\t\t\t\t\t\t\t\t<p>Cosecha manual<\/p>\t\t\t\t\t\t\t\t<\/div>\n\t\t\t\t<\/div>\n\t\t\t\t<\/div>\n\t\t\t\t<\/div>\n\t\t\t\t\t<\/div>\n\t\t\t\t<\/div>\n\t\t<div class=\"elementor-element elementor-element-f490326 e-con-full e-flex e-con e-parent\" data-id=\"f490326\" data-element_type=\"container\">\n\t\t<div class=\"elementor-element elementor-element-ef18a5d e-con-full e-flex elementor-invisible e-con e-child\" data-id=\"ef18a5d\" data-element_type=\"container\" data-settings=\"{&quot;background_background&quot;:&quot;classic&quot;,&quot;animation&quot;:&quot;fadeInRight&quot;}\">\n\t\t\t\t<\/div>\n\t\t<div class=\"elementor-element elementor-element-7be7cec e-con-full e-flex elementor-invisible e-con e-child\" data-id=\"7be7cec\" data-element_type=\"container\" data-settings=\"{&quot;background_background&quot;:&quot;classic&quot;,&quot;animation&quot;:&quot;fadeInLeft&quot;}\">\n\t\t<div class=\"elementor-element elementor-element-fdc23ed e-con-full e-flex e-con e-child\" data-id=\"fdc23ed\" data-element_type=\"container\" data-settings=\"{&quot;background_background&quot;:&quot;classic&quot;}\">\n\t\t\t\t<div class=\"elementor-element elementor-element-844af00 elementor-widget elementor-widget-heading\" data-id=\"844af00\" data-element_type=\"widget\" data-widget_type=\"heading.default\">\n\t\t\t\t\t<h2 class=\"elementor-heading-title elementor-size-default\">Bodega<\/h2>\t\t\t\t<\/div>\n\t\t\t\t<div class=\"elementor-element elementor-element-53dbfc5 elementor-widget-divider--view-line elementor-widget elementor-widget-divider\" data-id=\"53dbfc5\" data-element_type=\"widget\" data-widget_type=\"divider.default\">\n\t\t\t\t\t\t\t<div class=\"elementor-divider\">\n\t\t\t<span class=\"elementor-divider-separator\">\n\t\t\t\t\t\t<\/span>\n\t\t<\/div>\n\t\t\t\t\t\t<\/div>\n\t\t\t\t<div class=\"elementor-element elementor-element-fd2cb65 elementor-widget elementor-widget-text-editor\" data-id=\"fd2cb65\" data-element_type=\"widget\" data-widget_type=\"text-editor.default\">\n\t\t\t\t\t\t\t\t\t<p>En el coraz\u00f3n del Valle de Uco, nuestra bodega nace entre monta\u00f1as y vi\u00f1edos de altura, donde el clima fr\u00edo y los suelos minerales dan vida a vinos \u00fanicos.<\/p>\t\t\t\t\t\t\t\t<\/div>\n\t\t\t\t<\/div>\n\t\t\t\t<\/div>\n\t\t\t\t<\/div>\n\t\t\t\t<\/div>","protected":false},"excerpt":{"rendered":"<p>Hay un instante donde la mente se detiene y el instinto toma el mando. Ah\u00ed nace Neurus. Un vino que no busca calma, sino verdad.Hecho para quienes piensan, sienten y se pierden en su propio laberinto.Cada sorbo es una conexi\u00f3n, una descarga, una idea que se enciende. Porque el vino no solo se bebe.Se piensa. [&hellip;]<\/p>","protected":false},"author":2,"featured_media":0,"parent":0,"menu_order":0,"comment_status":"closed","ping_status":"closed","template":"elementor_canvas","meta":{"_uag_custom_page_level_css":"","footnotes":""},"class_list":["post-28","page","type-page","status-publish","hentry"],"uagb_featured_image_src":{"full":false,"thumbnail":false,"medium":false,"medium_large":false,"large":false,"1536x1536":false,"2048x2048":false,"trp-custom-language-flag":false},"uagb_author_info":{"display_name":"a0040270","author_link":"https:\/\/neuruswines.com\/en\/author\/a0040270\/"},"uagb_comment_info":0,"uagb_excerpt":"Hay un instante donde la mente se detiene y el instinto toma el mando. Ah\u00ed nace Neurus. Un vino que no busca calma, sino verdad.Hecho para quienes piensan, sienten y se pierden en su propio laberinto.Cada sorbo es una conexi\u00f3n, una descarga, una idea que se enciende. Porque el vino no solo se bebe.Se piensa.&hellip;","_links":{"self":[{"href":"https:\/\/neuruswines.com\/en\/wp-json\/wp\/v2\/pages\/28","targetHints":{"allow":["GET"]}}],"collection":[{"href":"https:\/\/neuruswines.com\/en\/wp-json\/wp\/v2\/pages"}],"about":[{"href":"https:\/\/neuruswines.com\/en\/wp-json\/wp\/v2\/types\/page"}],"author":[{"embeddable":true,"href":"https:\/\/neuruswines.com\/en\/wp-json\/wp\/v2\/users\/2"}],"replies":[{"embeddable":true,"href":"https:\/\/neuruswines.com\/en\/wp-json\/wp\/v2\/comments?post=28"}],"version-history":[{"count":391,"href":"https:\/\/neuruswines.com\/en\/wp-json\/wp\/v2\/pages\/28\/revisions"}],"predecessor-version":[{"id":2498,"href":"https:\/\/neuruswines.com\/en\/wp-json\/wp\/v2\/pages\/28\/revisions\/2498"}],"wp:attachment":[{"href":"https:\/\/neuruswines.com\/en\/wp-json\/wp\/v2\/media?parent=28"}],"curies":[{"name":"wp","href":"https:\/\/api.w.org\/{rel}","templated":true}]}}